{"id":11440,"date":"2022-12-23T17:36:21","date_gmt":"2022-12-23T17:36:21","guid":{"rendered":"https:\/\/visitsutjeskanationalpark.com\/food-copy\/"},"modified":"2025-03-12T13:42:39","modified_gmt":"2025-03-12T11:42:39","slug":"hrana","status":"publish","type":"page","link":"https:\/\/visitsutjeskanationalpark.com\/sr\/hrana\/","title":{"rendered":"Hrana"},"content":{"rendered":"\t\t<div data-elementor-type=\"wp-page\" data-elementor-id=\"11440\" class=\"elementor elementor-11440\" data-elementor-post-type=\"page\">\n\t\t\t\t<div class=\"elementor-element elementor-element-67e27f2f e-con-full e-flex e-con e-parent\" data-id=\"67e27f2f\" data-element_type=\"container\" data-e-type=\"container\">\n\t\t\t\t<\/div>\n\t\t<div class=\"elementor-element elementor-element-99f64c2 e-flex e-con-boxed e-con e-parent\" data-id=\"99f64c2\" data-element_type=\"container\" data-e-type=\"container\">\n\t\t\t\t\t<div class=\"e-con-inner\">\n\t\t\t\t<div class=\"elementor-element elementor-element-aaa85a5 elementor-widget elementor-widget-heading\" data-id=\"aaa85a5\" data-element_type=\"widget\" data-e-type=\"widget\" data-widget_type=\"heading.default\">\n\t\t\t\t\t<h2 class=\"elementor-heading-title elementor-size-default\">Hrana u na\u0161em kampu <\/h2>\t\t\t\t<\/div>\n\t\t\t\t<div class=\"elementor-element elementor-element-78ebb3d elementor-widget elementor-widget-text-editor\" data-id=\"78ebb3d\" data-element_type=\"widget\" data-e-type=\"widget\" data-widget_type=\"text-editor.default\">\n\t\t\t\t\t\t\t\t\t<p>Srpska tradicionalna hrana je ukusna, a na\u0161a kuhinja je pod uticajem bogatog kulturnog i istorijskog nasle\u0111a zemlje. Kuhinja je poznata po izda\u0161nim jelima i upotrebi svje\u017eih, lokalnih namirnica. Neka od najpopularnijih tradicionalnih jela su \u0107evapi, jelo sa ro\u0161tilja od mljevenog mesa, i pljeskavica, sarma, razne vrste pita i mnoge druge.<\/p><p>Va\u017ean sastojak na\u0161e hrane je upotreba povr\u0107a. BiH ima dugu poljoprivrednu tradiciju, a zemlja je poznata po plodnom tlu i raznolikoj klimi. Zbog toga se u tradicionalnim jelima koristi veliki izbor povr\u0107a, uklju\u010duju\u0107i paprike, paradajz, krastavce i luk. Ne postoji nijedan obrok koji se slu\u017ei bez salate. Toliko volimo salate da \u017eelimo da ih poslu\u017eimo uz dezert.<\/p><p>\u0106evapi su jedno od najpopularnijih jela, spremljeno na ro\u0161tilju od mljevenog mesa i za\u010dina, a slu\u017ei se uz luk, ajvar, kajmak i somun.<\/p><p>Ostala popularna jela, kao \u0161to je navedeno, su sarme, doma\u0107e pite, od kojih je najpopularniji burek, a ako tra\u017eite burek sa sirom ostavi\u0107emo vas usred Peru\u0107ice. \u0160alim se. Ali svakako ne tra\u017eite. Tu su jo\u0161 i musaka, teletina ispod sa\u010da i mnoge druge.<\/p><p>Pored ovih jela, na\u0161a tradicionalna hrana uklju\u010duje i niz ukusnih poslastica i slatki\u0161a. Srpski slatki\u0161i se \u010desto prave od meda, ora\u0161astih plodova i vo\u0107a i popularan su na\u010din za zavr\u0161etak obroka. Neki od najpopularnijih tradicionalnih slatki\u0161a ovde su baklava, slojevito pecivo punjeno medom i orasima i rakija, vo\u0107na rakija. Za rakiju ste sigurno \u010duli.<\/p><p>Jedno va\u017eno obavje\u0161tenje \u2013 Ako ste vegetarijanac ili vegan i\/ili imate posebne zahtjeve kada su u pitanju obroci\/hrana uop\u0161te, obavjestite nas kada pravite rezervaciju, kako bismo mi mogli da obavjestimo na\u0161eg kuvara na vreme.<\/p>\t\t\t\t\t\t\t\t<\/div>\n\t\t\t\t<div class=\"elementor-element elementor-element-3366417 elementor-arrows-position-inside elementor-pagination-position-outside elementor-widget elementor-widget-image-carousel\" data-id=\"3366417\" data-element_type=\"widget\" data-e-type=\"widget\" data-settings=\"{&quot;navigation&quot;:&quot;both&quot;,&quot;autoplay&quot;:&quot;yes&quot;,&quot;pause_on_hover&quot;:&quot;yes&quot;,&quot;pause_on_interaction&quot;:&quot;yes&quot;,&quot;autoplay_speed&quot;:5000,&quot;infinite&quot;:&quot;yes&quot;,&quot;speed&quot;:500}\" data-widget_type=\"image-carousel.default\">\n\t\t\t\t\t\t\t<div class=\"elementor-image-carousel-wrapper swiper\" role=\"region\" aria-roledescription=\"carousel\" aria-label=\"\u0412\u0440\u0442\u0435\u0448\u043a\u0430 \u0441\u043b\u0438\u043a\u0430\" dir=\"ltr\">\n\t\t\t<div class=\"elementor-image-carousel swiper-wrapper\" aria-live=\"off\">\n\t\t\t\t\t\t\t\t<div class=\"swiper-slide\" role=\"group\" aria-roledescription=\"slide\" aria-label=\"1 of 4\"><figure class=\"swiper-slide-inner\"><img decoding=\"async\" class=\"swiper-slide-image\" src=\"https:\/\/visitsutjeskanationalpark.com\/wp-content\/uploads\/2022\/12\/bvtrekkings-food.jpg\" alt=\"bvtrekkings-food\" \/><\/figure><\/div><div class=\"swiper-slide\" role=\"group\" aria-roledescription=\"slide\" aria-label=\"2 of 4\"><figure class=\"swiper-slide-inner\"><img decoding=\"async\" class=\"swiper-slide-image\" src=\"https:\/\/visitsutjeskanationalpark.com\/wp-content\/uploads\/2022\/12\/bvtrekkings-breakfast.jpg\" alt=\"bvtrekkings-breakfast\" \/><\/figure><\/div><div class=\"swiper-slide\" role=\"group\" aria-roledescription=\"slide\" aria-label=\"3 of 4\"><figure class=\"swiper-slide-inner\"><img decoding=\"async\" class=\"swiper-slide-image\" src=\"https:\/\/visitsutjeskanationalpark.com\/wp-content\/uploads\/2022\/12\/bvtrekkings-lunch.jpg\" alt=\"bvtrekkings-lunch\" \/><\/figure><\/div><div class=\"swiper-slide\" role=\"group\" aria-roledescription=\"slide\" aria-label=\"4 of 4\"><figure class=\"swiper-slide-inner\"><img decoding=\"async\" class=\"swiper-slide-image\" src=\"https:\/\/visitsutjeskanationalpark.com\/wp-content\/uploads\/2022\/12\/bvtrekkings-food-at-the-camp.jpg\" alt=\"bvtrekkings-food-at-the-camp\" \/><\/figure><\/div>\t\t\t<\/div>\n\t\t\t\t\t\t\t\t\t\t\t\t<div class=\"elementor-swiper-button elementor-swiper-button-prev\" role=\"button\" tabindex=\"0\">\n\t\t\t\t\t\t<svg aria-hidden=\"true\" class=\"e-font-icon-svg e-eicon-chevron-left\" viewBox=\"0 0 1000 1000\" xmlns=\"http:\/\/www.w3.org\/2000\/svg\"><path d=\"M646 125C629 125 613 133 604 142L308 442C296 454 292 471 292 487 292 504 296 521 308 533L604 854C617 867 629 875 646 875 663 875 679 871 692 858 704 846 713 829 713 812 713 796 708 779 692 767L438 487 692 225C700 217 708 204 708 187 708 171 704 154 692 142 675 129 663 125 646 125Z\"><\/path><\/svg>\t\t\t\t\t<\/div>\n\t\t\t\t\t<div class=\"elementor-swiper-button elementor-swiper-button-next\" role=\"button\" tabindex=\"0\">\n\t\t\t\t\t\t<svg aria-hidden=\"true\" class=\"e-font-icon-svg e-eicon-chevron-right\" viewBox=\"0 0 1000 1000\" xmlns=\"http:\/\/www.w3.org\/2000\/svg\"><path d=\"M696 533C708 521 713 504 713 487 713 471 708 454 696 446L400 146C388 133 375 125 354 125 338 125 325 129 313 142 300 154 292 171 292 187 292 204 296 221 308 233L563 492 304 771C292 783 288 800 288 817 288 833 296 850 308 863 321 871 338 875 354 875 371 875 388 867 400 854L696 533Z\"><\/path><\/svg>\t\t\t\t\t<\/div>\n\t\t\t\t\n\t\t\t\t\t\t\t\t\t<div class=\"swiper-pagination\"><\/div>\n\t\t\t\t\t\t\t\t\t<\/div>\n\t\t\t\t\t\t<\/div>\n\t\t\t\t\t<\/div>\n\t\t\t\t<\/div>\n\t\t\t\t<\/div>\n\t\t","protected":false},"excerpt":{"rendered":"<p>Hrana u na\u0161em kampu Srpska tradicionalna hrana je ukusna, a na\u0161a kuhinja je pod uticajem bogatog kulturnog i istorijskog nasle\u0111a zemlje. Kuhinja je poznata po izda\u0161nim jelima i upotrebi svje\u017eih, lokalnih namirnica. Neka od najpopularnijih tradicionalnih jela su \u0107evapi, jelo sa ro\u0161tilja od mljevenog mesa, i pljeskavica, sarma, razne vrste pita i mnoge druge. Va\u017ean [&hellip;]<\/p>\n","protected":false},"author":1,"featured_media":0,"parent":0,"menu_order":0,"comment_status":"closed","ping_status":"closed","template":"elementor_header_footer","meta":{"footnotes":""},"class_list":["post-11440","page","type-page","status-publish","has-post-thumbnail","hentry"],"_links":{"self":[{"href":"https:\/\/visitsutjeskanationalpark.com\/sr\/wp-json\/wp\/v2\/pages\/11440","targetHints":{"allow":["GET"]}}],"collection":[{"href":"https:\/\/visitsutjeskanationalpark.com\/sr\/wp-json\/wp\/v2\/pages"}],"about":[{"href":"https:\/\/visitsutjeskanationalpark.com\/sr\/wp-json\/wp\/v2\/types\/page"}],"author":[{"embeddable":true,"href":"https:\/\/visitsutjeskanationalpark.com\/sr\/wp-json\/wp\/v2\/users\/1"}],"replies":[{"embeddable":true,"href":"https:\/\/visitsutjeskanationalpark.com\/sr\/wp-json\/wp\/v2\/comments?post=11440"}],"version-history":[{"count":10,"href":"https:\/\/visitsutjeskanationalpark.com\/sr\/wp-json\/wp\/v2\/pages\/11440\/revisions"}],"predecessor-version":[{"id":12216,"href":"https:\/\/visitsutjeskanationalpark.com\/sr\/wp-json\/wp\/v2\/pages\/11440\/revisions\/12216"}],"wp:attachment":[{"href":"https:\/\/visitsutjeskanationalpark.com\/sr\/wp-json\/wp\/v2\/media?parent=11440"}],"curies":[{"name":"wp","href":"https:\/\/api.w.org\/{rel}","templated":true}]}}