{"id":11445,"date":"2022-12-23T17:39:22","date_gmt":"2022-12-23T17:39:22","guid":{"rendered":"https:\/\/visitsutjeskanationalpark.com\/faq-copy\/"},"modified":"2022-12-23T18:03:33","modified_gmt":"2022-12-23T18:03:33","slug":"faq","status":"publish","type":"page","link":"https:\/\/visitsutjeskanationalpark.com\/sr\/faq\/","title":{"rendered":"FAQ"},"content":{"rendered":"\t\t<div data-elementor-type=\"wp-page\" data-elementor-id=\"11445\" class=\"elementor elementor-11445\" data-elementor-post-type=\"page\">\n\t\t\t\t<div class=\"elementor-element elementor-element-4e07b0df e-flex e-con-boxed e-con e-parent\" data-id=\"4e07b0df\" data-element_type=\"container\" data-e-type=\"container\">\n\t\t\t\t\t<div class=\"e-con-inner\">\n\t\t\t\t<div class=\"elementor-element elementor-element-39a7a8d3 elementor-widget elementor-widget-heading\" data-id=\"39a7a8d3\" data-element_type=\"widget\" data-e-type=\"widget\" data-widget_type=\"heading.default\">\n\t\t\t\t\t<h2 class=\"elementor-heading-title elementor-size-default\">\u010cesto postavljana pitanja<\/h2>\t\t\t\t<\/div>\n\t\t\t\t\t<\/div>\n\t\t\t\t<\/div>\n\t\t<div class=\"elementor-element elementor-element-d7c4487 e-flex e-con-boxed e-con e-parent\" data-id=\"d7c4487\" data-element_type=\"container\" data-e-type=\"container\">\n\t\t\t\t\t<div class=\"e-con-inner\">\n\t\t\t\t<div class=\"elementor-element elementor-element-a00dd20 elementor-widget elementor-widget-heading\" data-id=\"a00dd20\" data-element_type=\"widget\" data-e-type=\"widget\" data-widget_type=\"heading.default\">\n\t\t\t\t\t<h2 class=\"elementor-heading-title elementor-size-default\">Op\u0161ta pitanja<\/h2>\t\t\t\t<\/div>\n\t\t\t\t\t<\/div>\n\t\t\t\t<\/div>\n\t\t\t\t<section class=\"elementor-section elementor-inner-section elementor-element elementor-element-34471327 elementor-section-boxed elementor-section-height-default elementor-section-height-default\" data-id=\"34471327\" data-element_type=\"section\" data-e-type=\"section\">\n\t\t\t\t\t\t<div class=\"elementor-container elementor-column-gap-default\">\n\t\t\t\t\t<div class=\"elementor-column elementor-col-50 elementor-inner-column elementor-element elementor-element-46e69fcb\" data-id=\"46e69fcb\" data-element_type=\"column\" data-e-type=\"column\">\n\t\t\t<div class=\"elementor-widget-wrap elementor-element-populated\">\n\t\t\t\t\t\t<div class=\"elementor-element elementor-element-46566152 elementor-widget elementor-widget-st_faq\" data-id=\"46566152\" data-element_type=\"widget\" data-e-type=\"widget\" data-widget_type=\"st_faq.default\">\n\t\t\t\t<div class=\"elementor-widget-container\">\n\t\t\t\t\t<div class=\"accordion faq style1\" id=\"accordion_kako-da-rezervi\u0161em\">\r\n    <div class=\"accordion-item\">\r\n        <h2 class=\"accordion-header\" id=\"heading_kako-da-rezervi\u0161em\">\r\n            <button class=\"accordion-button   collapsed\"\r\n                type=\"button\"\r\n                data-bs-toggle=\"collapse\"\r\n                data-bs-target=\"#st-kako-da-rezervi\u0161em\"\r\n                aria-expanded=\"false\"\r\n                aria-controls=\"kako-da-rezervi\u0161em\"\r\n            >\r\n                Kako da rezervi\u0161em?            <\/button>\r\n        <\/h2>\r\n        <div id=\"st-kako-da-rezervi\u0161em\" class=\"accordion-collapse collapse \"\r\n            aria-labelledby=\"heading_kako-da-rezervi\u0161em\"\r\n            data-bs-parent=\"#accordion_kako-da-rezervi\u0161em\"\r\n        >\r\n            <div class=\"accordion-body\">\r\n                Rezervaciju mo\u017eete napraviti jednostavno, putem e-maila, pomo\u0107u kontakt forme ili obrasca u aran\u017eanima, a najlak\u0161i na\u010din je svakako koriste\u0107i Viber\/Whatsapp\/Telegram za rezervaciju.            <\/div>\r\n        <\/div>\r\n    <\/div>\r\n<\/div>\r\n\t\t\t\t<\/div>\n\t\t\t\t<\/div>\n\t\t\t\t<div class=\"elementor-element elementor-element-73607a2b elementor-widget elementor-widget-st_faq\" data-id=\"73607a2b\" data-element_type=\"widget\" data-e-type=\"widget\" data-widget_type=\"st_faq.default\">\n\t\t\t\t<div class=\"elementor-widget-container\">\n\t\t\t\t\t<div class=\"accordion faq style1\" id=\"accordion_mogu-li-otkazati-rezervaciju\">\r\n    <div class=\"accordion-item\">\r\n        <h2 class=\"accordion-header\" id=\"heading_mogu-li-otkazati-rezervaciju\">\r\n            <button class=\"accordion-button   collapsed\"\r\n                type=\"button\"\r\n                data-bs-toggle=\"collapse\"\r\n                data-bs-target=\"#st-mogu-li-otkazati-rezervaciju\"\r\n                aria-expanded=\"false\"\r\n                aria-controls=\"mogu-li-otkazati-rezervaciju\"\r\n            >\r\n                Mogu li otkazati rezervaciju?            <\/button>\r\n        <\/h2>\r\n        <div id=\"st-mogu-li-otkazati-rezervaciju\" class=\"accordion-collapse collapse \"\r\n            aria-labelledby=\"heading_mogu-li-otkazati-rezervaciju\"\r\n            data-bs-parent=\"#accordion_mogu-li-otkazati-rezervaciju\"\r\n        >\r\n            <div class=\"accordion-body\">\r\n                Da. Besplatno otkazivanje rezervacije va\u017ei tri dana pred dolazak u kamp. U slu\u010daju kasnijeg otkazivanja ili nedolaska, napla\u0107uje se iznos depozita.            <\/div>\r\n        <\/div>\r\n    <\/div>\r\n<\/div>\r\n\t\t\t\t<\/div>\n\t\t\t\t<\/div>\n\t\t\t\t<div class=\"elementor-element elementor-element-6d4793e9 elementor-widget elementor-widget-st_faq\" data-id=\"6d4793e9\" data-element_type=\"widget\" data-e-type=\"widget\" data-widget_type=\"st_faq.default\">\n\t\t\t\t<div class=\"elementor-widget-container\">\n\t\t\t\t\t<div class=\"accordion faq style1\" id=\"accordion_da-li-pla\u0107amo-prevoz-i-opremu\">\r\n    <div class=\"accordion-item\">\r\n        <h2 class=\"accordion-header\" id=\"heading_da-li-pla\u0107amo-prevoz-i-opremu\">\r\n            <button class=\"accordion-button   collapsed\"\r\n                type=\"button\"\r\n                data-bs-toggle=\"collapse\"\r\n                data-bs-target=\"#st-da-li-pla\u0107amo-prevoz-i-opremu\"\r\n                aria-expanded=\"false\"\r\n                aria-controls=\"da-li-pla\u0107amo-prevoz-i-opremu\"\r\n            >\r\n                Da li pla\u0107amo prevoz i opremu?            <\/button>\r\n        <\/h2>\r\n        <div id=\"st-da-li-pla\u0107amo-prevoz-i-opremu\" class=\"accordion-collapse collapse \"\r\n            aria-labelledby=\"heading_da-li-pla\u0107amo-prevoz-i-opremu\"\r\n            data-bs-parent=\"#accordion_da-li-pla\u0107amo-prevoz-i-opremu\"\r\n        >\r\n            <div class=\"accordion-body\">\r\n                Nema nikakvih dodatnih tro\u0161kova. Sve je ve\u0107 uklju\u010deno u cijenu prikazanu na na\u0161em veb-sajtu. Ne napla\u0107ujemo dodatno gorivo, transport, opremu.            <\/div>\r\n        <\/div>\r\n    <\/div>\r\n<\/div>\r\n\t\t\t\t<\/div>\n\t\t\t\t<\/div>\n\t\t\t\t<div class=\"elementor-element elementor-element-79795e34 elementor-widget elementor-widget-st_faq\" data-id=\"79795e34\" data-element_type=\"widget\" data-e-type=\"widget\" data-widget_type=\"st_faq.default\">\n\t\t\t\t<div class=\"elementor-widget-container\">\n\t\t\t\t\t<div class=\"accordion faq style1\" id=\"accordion_jesmo-li-osigurani-prilikom-aran\u017emana\">\r\n    <div class=\"accordion-item\">\r\n        <h2 class=\"accordion-header\" id=\"heading_jesmo-li-osigurani-prilikom-aran\u017emana\">\r\n            <button class=\"accordion-button   collapsed\"\r\n                type=\"button\"\r\n                data-bs-toggle=\"collapse\"\r\n                data-bs-target=\"#st-jesmo-li-osigurani-prilikom-aran\u017emana\"\r\n                aria-expanded=\"false\"\r\n                aria-controls=\"jesmo-li-osigurani-prilikom-aran\u017emana\"\r\n            >\r\n                Jesmo li osigurani prilikom aran\u017emana?            <\/button>\r\n        <\/h2>\r\n        <div id=\"st-jesmo-li-osigurani-prilikom-aran\u017emana\" class=\"accordion-collapse collapse \"\r\n            aria-labelledby=\"heading_jesmo-li-osigurani-prilikom-aran\u017emana\"\r\n            data-bs-parent=\"#accordion_jesmo-li-osigurani-prilikom-aran\u017emana\"\r\n        >\r\n            <div class=\"accordion-body\">\r\n                Svi gosti su osigurani prilikom rafting aran\u017emana.            <\/div>\r\n        <\/div>\r\n    <\/div>\r\n<\/div>\r\n\t\t\t\t<\/div>\n\t\t\t\t<\/div>\n\t\t\t\t\t<\/div>\n\t\t<\/div>\n\t\t\t\t<div class=\"elementor-column elementor-col-50 elementor-inner-column elementor-element elementor-element-1304add7\" data-id=\"1304add7\" data-element_type=\"column\" data-e-type=\"column\">\n\t\t\t<div class=\"elementor-widget-wrap elementor-element-populated\">\n\t\t\t\t\t\t<div class=\"elementor-element elementor-element-7deaafde elementor-widget elementor-widget-st_faq\" data-id=\"7deaafde\" data-element_type=\"widget\" data-e-type=\"widget\" data-widget_type=\"st_faq.default\">\n\t\t\t\t<div class=\"elementor-widget-container\">\n\t\t\t\t\t<div class=\"accordion faq style1\" id=\"accordion_mo\u017eemo-li-platiti-na-licu-mjesta\">\r\n    <div class=\"accordion-item\">\r\n        <h2 class=\"accordion-header\" id=\"heading_mo\u017eemo-li-platiti-na-licu-mjesta\">\r\n            <button class=\"accordion-button   collapsed\"\r\n                type=\"button\"\r\n                data-bs-toggle=\"collapse\"\r\n                data-bs-target=\"#st-mo\u017eemo-li-platiti-na-licu-mjesta\"\r\n                aria-expanded=\"false\"\r\n                aria-controls=\"mo\u017eemo-li-platiti-na-licu-mjesta\"\r\n            >\r\n                Mo\u017eemo li platiti na licu mjesta?            <\/button>\r\n        <\/h2>\r\n        <div id=\"st-mo\u017eemo-li-platiti-na-licu-mjesta\" class=\"accordion-collapse collapse \"\r\n            aria-labelledby=\"heading_mo\u017eemo-li-platiti-na-licu-mjesta\"\r\n            data-bs-parent=\"#accordion_mo\u017eemo-li-platiti-na-licu-mjesta\"\r\n        >\r\n            <div class=\"accordion-body\">\r\n                Naravno, mo\u017eete platiti u kampu po zavr\u0161etku aran\u017emana.            <\/div>\r\n        <\/div>\r\n    <\/div>\r\n<\/div>\r\n\t\t\t\t<\/div>\n\t\t\t\t<\/div>\n\t\t\t\t<div class=\"elementor-element elementor-element-63682216 elementor-widget elementor-widget-st_faq\" data-id=\"63682216\" data-element_type=\"widget\" data-e-type=\"widget\" data-widget_type=\"st_faq.default\">\n\t\t\t\t<div class=\"elementor-widget-container\">\n\t\t\t\t\t<div class=\"accordion faq style1\" id=\"accordion_mo\u017eemo-li-da-rezervi\u0161emo-apartman-sa-posebnim-kupatilom\">\r\n    <div class=\"accordion-item\">\r\n        <h2 class=\"accordion-header\" id=\"heading_mo\u017eemo-li-da-rezervi\u0161emo-apartman-sa-posebnim-kupatilom\">\r\n            <button class=\"accordion-button   collapsed\"\r\n                type=\"button\"\r\n                data-bs-toggle=\"collapse\"\r\n                data-bs-target=\"#st-mo\u017eemo-li-da-rezervi\u0161emo-apartman-sa-posebnim-kupatilom\"\r\n                aria-expanded=\"false\"\r\n                aria-controls=\"mo\u017eemo-li-da-rezervi\u0161emo-apartman-sa-posebnim-kupatilom\"\r\n            >\r\n                Mo\u017eemo li da rezervi\u0161emo apartman sa posebnim kupatilom?            <\/button>\r\n        <\/h2>\r\n        <div id=\"st-mo\u017eemo-li-da-rezervi\u0161emo-apartman-sa-posebnim-kupatilom\" class=\"accordion-collapse collapse \"\r\n            aria-labelledby=\"heading_mo\u017eemo-li-da-rezervi\u0161emo-apartman-sa-posebnim-kupatilom\"\r\n            data-bs-parent=\"#accordion_mo\u017eemo-li-da-rezervi\u0161emo-apartman-sa-posebnim-kupatilom\"\r\n        >\r\n            <div class=\"accordion-body\">\r\n                U svakom momentu mo\u017eemo da vam ponudimo smje\u0161taj sa privatnim kupatilom. Po\u0161tujemo va\u0161u privatnost i vrijeme, i \u017eelimo da vam bude prijatno kod nas.             <\/div>\r\n        <\/div>\r\n    <\/div>\r\n<\/div>\r\n\t\t\t\t<\/div>\n\t\t\t\t<\/div>\n\t\t\t\t<div class=\"elementor-element elementor-element-78b588c3 elementor-widget elementor-widget-st_faq\" data-id=\"78b588c3\" data-element_type=\"widget\" data-e-type=\"widget\" data-widget_type=\"st_faq.default\">\n\t\t\t\t<div class=\"elementor-widget-container\">\n\t\t\t\t\t<div class=\"accordion faq style1\" id=\"accordion_mogu-li-da-napravim-aran\u017eman-po-svojoj-\u017eelji\">\r\n    <div class=\"accordion-item\">\r\n        <h2 class=\"accordion-header\" id=\"heading_mogu-li-da-napravim-aran\u017eman-po-svojoj-\u017eelji\">\r\n            <button class=\"accordion-button   collapsed\"\r\n                type=\"button\"\r\n                data-bs-toggle=\"collapse\"\r\n                data-bs-target=\"#st-mogu-li-da-napravim-aran\u017eman-po-svojoj-\u017eelji\"\r\n                aria-expanded=\"false\"\r\n                aria-controls=\"mogu-li-da-napravim-aran\u017eman-po-svojoj-\u017eelji\"\r\n            >\r\n                Mogu li da napravim aran\u017eman po svojoj \u017eelji?            <\/button>\r\n        <\/h2>\r\n        <div id=\"st-mogu-li-da-napravim-aran\u017eman-po-svojoj-\u017eelji\" class=\"accordion-collapse collapse \"\r\n            aria-labelledby=\"heading_mogu-li-da-napravim-aran\u017eman-po-svojoj-\u017eelji\"\r\n            data-bs-parent=\"#accordion_mogu-li-da-napravim-aran\u017eman-po-svojoj-\u017eelji\"\r\n        >\r\n            <div class=\"accordion-body\">\r\n                Naravno! Mo\u017eete kreirati sopstveni aran\u017eman 11 dana\/10 no\u0107enja, predlo\u017eiti aktivnosti, raspored i lokacije, a mi \u0107emo vam pomo\u0107i u organizaciji.            <\/div>\r\n        <\/div>\r\n    <\/div>\r\n<\/div>\r\n\t\t\t\t<\/div>\n\t\t\t\t<\/div>\n\t\t\t\t<div class=\"elementor-element elementor-element-72abbd61 elementor-widget elementor-widget-st_faq\" data-id=\"72abbd61\" data-element_type=\"widget\" data-e-type=\"widget\" data-widget_type=\"st_faq.default\">\n\t\t\t\t<div class=\"elementor-widget-container\">\n\t\t\t\t\t<div class=\"accordion faq style1\" id=\"accordion_da-li-imate-odgovaraju\u0107u-veli\u010dinu-opreme-za-mene\">\r\n    <div class=\"accordion-item\">\r\n        <h2 class=\"accordion-header\" id=\"heading_da-li-imate-odgovaraju\u0107u-veli\u010dinu-opreme-za-mene\">\r\n            <button class=\"accordion-button   collapsed\"\r\n                type=\"button\"\r\n                data-bs-toggle=\"collapse\"\r\n                data-bs-target=\"#st-da-li-imate-odgovaraju\u0107u-veli\u010dinu-opreme-za-mene\"\r\n                aria-expanded=\"false\"\r\n                aria-controls=\"da-li-imate-odgovaraju\u0107u-veli\u010dinu-opreme-za-mene\"\r\n            >\r\n                Da li imate odgovaraju\u0107u veli\u010dinu opreme za mene?            <\/button>\r\n        <\/h2>\r\n        <div id=\"st-da-li-imate-odgovaraju\u0107u-veli\u010dinu-opreme-za-mene\" class=\"accordion-collapse collapse \"\r\n            aria-labelledby=\"heading_da-li-imate-odgovaraju\u0107u-veli\u010dinu-opreme-za-mene\"\r\n            data-bs-parent=\"#accordion_da-li-imate-odgovaraju\u0107u-veli\u010dinu-opreme-za-mene\"\r\n        >\r\n            <div class=\"accordion-body\">\r\n                Da. Za sve na\u0161e goste imamo odgovaraju\u0107u opremu, osim ako ste Hulk? \nNiste Hulk, zar ne?            <\/div>\r\n        <\/div>\r\n    <\/div>\r\n<\/div>\r\n\t\t\t\t<\/div>\n\t\t\t\t<\/div>\n\t\t\t\t\t<\/div>\n\t\t<\/div>\n\t\t\t\t\t<\/div>\n\t\t<\/section>\n\t\t<div class=\"elementor-element elementor-element-4f6ec9d e-flex e-con-boxed e-con e-parent\" data-id=\"4f6ec9d\" data-element_type=\"container\" data-e-type=\"container\">\n\t\t\t\t\t<div class=\"e-con-inner\">\n\t\t<div class=\"elementor-element elementor-element-787a7571 e-flex e-con-boxed e-con e-parent\" data-id=\"787a7571\" data-element_type=\"container\" data-e-type=\"container\" data-settings=\"{&quot;background_background&quot;:&quot;classic&quot;}\">\n\t\t\t\t\t<div class=\"e-con-inner\">\n\t\t\t\t<div class=\"elementor-element elementor-element-5da89d94 elementor-widget__width-initial elementor-widget-mobile__width-inherit elementor-widget-laptop__width-initial elementor-widget elementor-widget-heading\" data-id=\"5da89d94\" data-element_type=\"widget\" data-e-type=\"widget\" data-widget_type=\"heading.default\">\n\t\t\t\t\t<div class=\"elementor-heading-title elementor-size-default\">Pogledajte sve na\u0161e aran\u017emane<\/div>\t\t\t\t<\/div>\n\t\t\t\t<div class=\"elementor-element elementor-element-47dc1b57 elementor-widget__width-auto elementor-widget elementor-widget-button\" data-id=\"47dc1b57\" data-element_type=\"widget\" data-e-type=\"widget\" data-widget_type=\"button.default\">\n\t\t\t\t\t\t\t\t\t\t<a class=\"elementor-button elementor-button-link elementor-size-sm\" href=\"https:\/\/visitsutjeskanationalpark.com\/tours\/\">\n\t\t\t\t\t\t<span class=\"elementor-button-content-wrapper\">\n\t\t\t\t\t\t<span class=\"elementor-button-icon\">\n\t\t\t\t<svg xmlns=\"http:\/\/www.w3.org\/2000\/svg\" width=\"14\" height=\"10\" viewBox=\"0 0 14 10\" fill=\"none\"><path fill-rule=\"evenodd\" clip-rule=\"evenodd\" d=\"M8.26647 0.599765C8.46173 0.404503 8.77831 0.404503 8.97357 0.599765L13.0202 4.64643C13.114 4.7402 13.1667 4.86738 13.1667 4.99999C13.1667 5.13259 13.114 5.25977 13.0202 5.35354L8.97357 9.4002C8.77831 9.59547 8.46173 9.59547 8.26647 9.4002C8.0712 9.20494 8.0712 8.88836 8.26647 8.6931L11.4596 5.49999H1.33335C1.05721 5.49999 0.833354 5.27613 0.833354 4.99999C0.833354 4.72384 1.05721 4.49999 1.33335 4.49999H11.4596L8.26647 1.30687C8.0712 1.11161 8.0712 0.795027 8.26647 0.599765Z\" fill=\"#232323\"><\/path><path fill-rule=\"evenodd\" clip-rule=\"evenodd\" d=\"M8.14862 0.481914C8.40897 0.221564 8.83107 0.221564 9.09142 0.481914L13.1381 4.52858C13.2631 4.6536 13.3334 4.82317 13.3334 4.99999C13.3334 5.1768 13.2631 5.34637 13.1381 5.47139L9.09142 9.51806C8.83107 9.77841 8.40897 9.77841 8.14862 9.51806C7.88827 9.25771 7.88827 8.8356 8.14862 8.57525L11.0572 5.66665H1.33335C0.965164 5.66665 0.666687 5.36818 0.666687 4.99999C0.666687 4.6318 0.965164 4.33332 1.33335 4.33332H11.0572L8.14862 1.42472C7.88827 1.16437 7.88827 0.742263 8.14862 0.481914ZM8.85572 0.717616C8.72555 0.587441 8.51449 0.587441 8.38432 0.717616C8.25414 0.847791 8.25414 1.05885 8.38432 1.18902L11.5774 4.38213C11.6251 4.4298 11.6394 4.50149 11.6136 4.56377C11.5878 4.62604 11.527 4.66665 11.4596 4.66665H1.33335C1.14926 4.66665 1.00002 4.81589 1.00002 4.99999C1.00002 5.18408 1.14926 5.33332 1.33335 5.33332H11.4596C11.527 5.33332 11.5878 5.37393 11.6136 5.4362C11.6394 5.49848 11.6251 5.57017 11.5774 5.61784L8.38432 8.81095C8.25414 8.94112 8.25414 9.15218 8.38432 9.28235C8.51449 9.41253 8.72555 9.41253 8.85572 9.28235L12.9024 5.23569C12.9649 5.17318 13 5.08839 13 4.99999C13 4.91158 12.9649 4.82679 12.9024 4.76428L8.85572 0.717616Z\" fill=\"#232323\"><\/path><\/svg>\t\t\t<\/span>\n\t\t\t\t\t\t\t\t\t<span class=\"elementor-button-text\">Pogledaj Aran\u017emane<\/span>\n\t\t\t\t\t<\/span>\n\t\t\t\t\t<\/a>\n\t\t\t\t\t\t\t\t<\/div>\n\t\t\t\t\t<\/div>\n\t\t\t\t<\/div>\n\t\t\t\t\t<\/div>\n\t\t\t\t<\/div>\n\t\t\t\t<\/div>\n\t\t","protected":false},"excerpt":{"rendered":"<p>\u010cesto postavljana pitanja Op\u0161ta pitanja Kako da rezervi\u0161em? Rezervaciju mo\u017eete napraviti jednostavno, putem e-maila, pomo\u0107u kontakt forme ili obrasca u aran\u017eanima, a najlak\u0161i na\u010din je svakako koriste\u0107i Viber\/Whatsapp\/Telegram za rezervaciju. Mogu li otkazati rezervaciju? Da. Besplatno otkazivanje rezervacije va\u017ei tri dana pred dolazak u kamp. U slu\u010daju kasnijeg otkazivanja ili nedolaska, napla\u0107uje se iznos depozita. [&hellip;]<\/p>\n","protected":false},"author":1,"featured_media":0,"parent":0,"menu_order":0,"comment_status":"closed","ping_status":"closed","template":"elementor_header_footer","meta":{"footnotes":""},"class_list":["post-11445","page","type-page","status-publish","has-post-thumbnail","hentry"],"_links":{"self":[{"href":"https:\/\/visitsutjeskanationalpark.com\/sr\/wp-json\/wp\/v2\/pages\/11445","targetHints":{"allow":["GET"]}}],"collection":[{"href":"https:\/\/visitsutjeskanationalpark.com\/sr\/wp-json\/wp\/v2\/pages"}],"about":[{"href":"https:\/\/visitsutjeskanationalpark.com\/sr\/wp-json\/wp\/v2\/types\/page"}],"author":[{"embeddable":true,"href":"https:\/\/visitsutjeskanationalpark.com\/sr\/wp-json\/wp\/v2\/users\/1"}],"replies":[{"embeddable":true,"href":"https:\/\/visitsutjeskanationalpark.com\/sr\/wp-json\/wp\/v2\/comments?post=11445"}],"version-history":[{"count":4,"href":"https:\/\/visitsutjeskanationalpark.com\/sr\/wp-json\/wp\/v2\/pages\/11445\/revisions"}],"predecessor-version":[{"id":11450,"href":"https:\/\/visitsutjeskanationalpark.com\/sr\/wp-json\/wp\/v2\/pages\/11445\/revisions\/11450"}],"wp:attachment":[{"href":"https:\/\/visitsutjeskanationalpark.com\/sr\/wp-json\/wp\/v2\/media?parent=11445"}],"curies":[{"name":"wp","href":"https:\/\/api.w.org\/{rel}","templated":true}]}}