{"id":11507,"date":"2022-12-23T19:46:16","date_gmt":"2022-12-23T19:46:16","guid":{"rendered":"https:\/\/visitsutjeskanationalpark.com\/destinations-copy\/"},"modified":"2022-12-23T19:47:35","modified_gmt":"2022-12-23T19:47:35","slug":"destinacije","status":"publish","type":"page","link":"https:\/\/visitsutjeskanationalpark.com\/sr\/destinacije\/","title":{"rendered":"Destinacije"},"content":{"rendered":"\t\t<div data-elementor-type=\"wp-page\" data-elementor-id=\"11507\" class=\"elementor elementor-11507\" data-elementor-post-type=\"page\">\n\t\t\t\t\t\t<section class=\"elementor-section elementor-top-section elementor-element elementor-element-37e5ec94 elementor-section-boxed elementor-section-height-default elementor-section-height-default\" data-id=\"37e5ec94\" data-element_type=\"section\" data-e-type=\"section\">\n\t\t\t\t\t\t<div class=\"elementor-container elementor-column-gap-default\">\n\t\t\t\t\t<div class=\"elementor-column elementor-col-100 elementor-top-column elementor-element elementor-element-4678e710\" data-id=\"4678e710\" data-element_type=\"column\" data-e-type=\"column\">\n\t\t\t<div class=\"elementor-widget-wrap elementor-element-populated\">\n\t\t\t\t\t\t<div class=\"elementor-element elementor-element-206e1c16 elementor-widget elementor-widget-heading\" data-id=\"206e1c16\" data-element_type=\"widget\" data-e-type=\"widget\" data-widget_type=\"heading.default\">\n\t\t\t\t\t<h2 class=\"elementor-heading-title elementor-size-default\">Top destinacije<\/h2>\t\t\t\t<\/div>\n\t\t\t\t<div class=\"elementor-element elementor-element-7feb277f elementor-widget elementor-widget-st_destination\" data-id=\"7feb277f\" data-element_type=\"widget\" data-e-type=\"widget\" data-settings=\"{&quot;layout_style&quot;:&quot;normal&quot;}\" data-widget_type=\"st_destination.default\">\n\t\t\t\t<div class=\"elementor-widget-container\">\n\t\t\t\t\t    <div class=\"row st-list-destination normal middle normal\">\r\n                <div class=\"col-12 col-sm-6 col-md-6 col-lg-3 col-xl-3 normal-item\">\r\n                <div class=\"destination-item\">\r\n                    <div class=\"image st-border-radius\">\r\n                                                <a class=\"st-link\" href=\"https:\/\/visitsutjeskanationalpark.com\/sr\/location\/kanjon-rijeke-tare\/\">\r\n                            <img decoding=\"async\" src=\"https:\/\/visitsutjeskanationalpark.com\/wp-content\/uploads\/2022\/04\/bvtrekkings-tara-river-canyon-montenegro.jpg\" alt = \"Kanjon rijeke Tare\"\r\n                                    class=\"img-responsive\">\r\n                        <\/a>\r\n                        <div class=\"content\">\r\n                            <h3 class=\"title\">\r\n                                <a href=\"https:\/\/visitsutjeskanationalpark.com\/sr\/location\/kanjon-rijeke-tare\/\">\r\n                                    Kanjon rijeke Tare                                <\/a>\r\n                            <\/h3>\r\n                            <div class=\"desc d-flex align-items-center justify-content-center flex-wrap multi\"><a href=\"https:\/\/visitsutjeskanationalpark.com\/tours\/?location_name=Kanjon%20rijeke%20Tare&#038;location_id=11519\">2 Tours<\/a><\/div>                        <\/div>\r\n                    <\/div>\r\n                <\/div>\r\n            <\/div>\r\n                        <div class=\"col-12 col-sm-6 col-md-6 col-lg-3 col-xl-3 normal-item\">\r\n                <div class=\"destination-item\">\r\n                    <div class=\"image st-border-radius\">\r\n                                                <a class=\"st-link\" href=\"https:\/\/visitsutjeskanationalpark.com\/sr\/location\/bosna-hercegovina\/\">\r\n                            <img decoding=\"async\" src=\"https:\/\/visitsutjeskanationalpark.com\/wp-content\/uploads\/2022\/04\/bvtrekkings-bosnia-trebinje.jpg\" alt = \"Bosna i Hercegovina\"\r\n                                    class=\"img-responsive\">\r\n                        <\/a>\r\n                        <div class=\"content\">\r\n                            <h3 class=\"title\">\r\n                                <a href=\"https:\/\/visitsutjeskanationalpark.com\/sr\/location\/bosna-hercegovina\/\">\r\n                                    Bosna i Hercegovina                                <\/a>\r\n                            <\/h3>\r\n                            <div class=\"desc d-flex align-items-center justify-content-center flex-wrap multi\"><a href=\"https:\/\/visitsutjeskanationalpark.com\/tours\/?location_name=Bosna%20i%20Hercegovina&#038;location_id=11502\">6 Tours<\/a><\/div>                        <\/div>\r\n                    <\/div>\r\n                <\/div>\r\n            <\/div>\r\n                        <div class=\"col-12 col-sm-6 col-md-6 col-lg-3 col-xl-3 normal-item\">\r\n                <div class=\"destination-item\">\r\n                    <div class=\"image st-border-radius\">\r\n                                                <a class=\"st-link\" href=\"https:\/\/visitsutjeskanationalpark.com\/sr\/location\/zelengora\/\">\r\n                            <img decoding=\"async\" src=\"https:\/\/visitsutjeskanationalpark.com\/wp-content\/uploads\/2022\/11\/bvtrekkings-zelengora-orlovacko-lake.jpg\" alt = \"Zelengora\"\r\n                                    class=\"img-responsive\">\r\n                        <\/a>\r\n                        <div class=\"content\">\r\n                            <h3 class=\"title\">\r\n                                <a href=\"https:\/\/visitsutjeskanationalpark.com\/sr\/location\/zelengora\/\">\r\n                                    Zelengora                                <\/a>\r\n                            <\/h3>\r\n                            <div class=\"desc d-flex align-items-center justify-content-center flex-wrap multi\"><\/div>                        <\/div>\r\n                    <\/div>\r\n                <\/div>\r\n            <\/div>\r\n                        <div class=\"col-12 col-sm-6 col-md-6 col-lg-3 col-xl-3 normal-item\">\r\n                <div class=\"destination-item\">\r\n                    <div class=\"image st-border-radius\">\r\n                                                <a class=\"st-link\" href=\"https:\/\/visitsutjeskanationalpark.com\/sr\/location\/trnovacko-jezero\/\">\r\n                            <img decoding=\"async\" src=\"https:\/\/visitsutjeskanationalpark.com\/wp-content\/uploads\/2022\/11\/bvtrekkings-trnovacko-lake.jpg\" alt = \"Trnovacko jezero\"\r\n                                    class=\"img-responsive\">\r\n                        <\/a>\r\n                        <div class=\"content\">\r\n                            <h3 class=\"title\">\r\n                                <a href=\"https:\/\/visitsutjeskanationalpark.com\/sr\/location\/trnovacko-jezero\/\">\r\n                                    Trnovacko jezero                                <\/a>\r\n                            <\/h3>\r\n                            <div class=\"desc d-flex align-items-center justify-content-center flex-wrap multi\"><a href=\"https:\/\/visitsutjeskanationalpark.com\/tours\/?location_name=Trnovacko%20jezero&#038;location_id=11423\">1 Tour<\/a><\/div>                        <\/div>\r\n                    <\/div>\r\n                <\/div>\r\n            <\/div>\r\n                        <div class=\"col-12 col-sm-6 col-md-6 col-lg-3 col-xl-3 normal-item\">\r\n                <div class=\"destination-item\">\r\n                    <div class=\"image st-border-radius\">\r\n                                                <a class=\"st-link\" href=\"https:\/\/visitsutjeskanationalpark.com\/sr\/location\/kanjon-hrcavka\/\">\r\n                            <img decoding=\"async\" src=\"https:\/\/visitsutjeskanationalpark.com\/wp-content\/uploads\/2022\/11\/bvtrekkings-hrcavka-canyoning.jpg\" alt = \"Kanjon Hr\u010davka\"\r\n                                    class=\"img-responsive\">\r\n                        <\/a>\r\n                        <div class=\"content\">\r\n                            <h3 class=\"title\">\r\n                                <a href=\"https:\/\/visitsutjeskanationalpark.com\/sr\/location\/kanjon-hrcavka\/\">\r\n                                    Kanjon Hr\u010davka                                <\/a>\r\n                            <\/h3>\r\n                            <div class=\"desc d-flex align-items-center justify-content-center flex-wrap multi\"><a href=\"https:\/\/visitsutjeskanationalpark.com\/tours\/?location_name=Kanjon%20Hr\u010davka&#038;location_id=11417\">1 Tour<\/a><\/div>                        <\/div>\r\n                    <\/div>\r\n                <\/div>\r\n            <\/div>\r\n                        <div class=\"col-12 col-sm-6 col-md-6 col-lg-3 col-xl-3 normal-item\">\r\n                <div class=\"destination-item\">\r\n                    <div class=\"image st-border-radius\">\r\n                                                <a class=\"st-link\" href=\"https:\/\/visitsutjeskanationalpark.com\/sr\/location\/visoravan-prijevor\/\">\r\n                            <img decoding=\"async\" src=\"https:\/\/visitsutjeskanationalpark.com\/wp-content\/uploads\/2022\/11\/bvtrekkings-prijevor-maglic-npsutjeska.jpg\" alt = \"Visoravan Prijevor\"\r\n                                    class=\"img-responsive\">\r\n                        <\/a>\r\n                        <div class=\"content\">\r\n                            <h3 class=\"title\">\r\n                                <a href=\"https:\/\/visitsutjeskanationalpark.com\/sr\/location\/visoravan-prijevor\/\">\r\n                                    Visoravan Prijevor                                <\/a>\r\n                            <\/h3>\r\n                            <div class=\"desc d-flex align-items-center justify-content-center flex-wrap multi\"><\/div>                        <\/div>\r\n                    <\/div>\r\n                <\/div>\r\n            <\/div>\r\n                        <div class=\"col-12 col-sm-6 col-md-6 col-lg-3 col-xl-3 normal-item\">\r\n                <div class=\"destination-item\">\r\n                    <div class=\"image st-border-radius\">\r\n                                                <a class=\"st-link\" href=\"https:\/\/visitsutjeskanationalpark.com\/sr\/location\/prasuma-perucica\/\">\r\n                            <img decoding=\"async\" src=\"https:\/\/visitsutjeskanationalpark.com\/wp-content\/uploads\/2022\/11\/bvtrekkings-perucica-primeval-forest.jpg\" alt = \"Pra\u0161uma Peru\u0107ica\"\r\n                                    class=\"img-responsive\">\r\n                        <\/a>\r\n                        <div class=\"content\">\r\n                            <h3 class=\"title\">\r\n                                <a href=\"https:\/\/visitsutjeskanationalpark.com\/sr\/location\/prasuma-perucica\/\">\r\n                                    Pra\u0161uma Peru\u0107ica                                <\/a>\r\n                            <\/h3>\r\n                            <div class=\"desc d-flex align-items-center justify-content-center flex-wrap multi\"><\/div>                        <\/div>\r\n                    <\/div>\r\n                <\/div>\r\n            <\/div>\r\n                        <div class=\"col-12 col-sm-6 col-md-6 col-lg-3 col-xl-3 normal-item\">\r\n                <div class=\"destination-item\">\r\n                    <div class=\"image st-border-radius\">\r\n                                                <a class=\"st-link\" href=\"https:\/\/visitsutjeskanationalpark.com\/sr\/location\/nacionalni-park-sutjeska\/\">\r\n                            <img decoding=\"async\" src=\"https:\/\/visitsutjeskanationalpark.com\/wp-content\/uploads\/2022\/11\/sutjeska-national-park.jpg\" alt = \"Nacionalni park Sutjeska\"\r\n                                    class=\"img-responsive\">\r\n                        <\/a>\r\n                        <div class=\"content\">\r\n                            <h3 class=\"title\">\r\n                                <a href=\"https:\/\/visitsutjeskanationalpark.com\/sr\/location\/nacionalni-park-sutjeska\/\">\r\n                                    Nacionalni park Sutjeska                                <\/a>\r\n                            <\/h3>\r\n                            <div class=\"desc d-flex align-items-center justify-content-center flex-wrap multi\"><a href=\"https:\/\/visitsutjeskanationalpark.com\/tours\/?location_name=Nacionalni%20park%20Sutjeska&#038;location_id=11402\">4 Tours<\/a><\/div>                        <\/div>\r\n                    <\/div>\r\n                <\/div>\r\n            <\/div>\r\n                <\/div>\t\t\t\t<\/div>\n\t\t\t\t<\/div>\n\t\t\t\t\t<\/div>\n\t\t<\/div>\n\t\t\t\t\t<\/div>\n\t\t<\/section>\n\t\t\t\t<\/div>\n\t\t","protected":false},"excerpt":{"rendered":"<p>Top destinacije Bosna i Hercegovina 9 Tours Zelengora Trnovacko jezero 1 Tour Kanjon Hr\u010davka 2 Tours Visoravan Prijevor Pra\u0161uma Peru\u0107ica Nacionalni park Sutjeska 4 Tours Kanjon rijeke Tare 8 Tours<\/p>\n","protected":false},"author":1,"featured_media":0,"parent":0,"menu_order":0,"comment_status":"closed","ping_status":"closed","template":"elementor_header_footer","meta":{"footnotes":""},"class_list":["post-11507","page","type-page","status-publish","has-post-thumbnail","hentry"],"_links":{"self":[{"href":"https:\/\/visitsutjeskanationalpark.com\/sr\/wp-json\/wp\/v2\/pages\/11507","targetHints":{"allow":["GET"]}}],"collection":[{"href":"https:\/\/visitsutjeskanationalpark.com\/sr\/wp-json\/wp\/v2\/pages"}],"about":[{"href":"https:\/\/visitsutjeskanationalpark.com\/sr\/wp-json\/wp\/v2\/types\/page"}],"author":[{"embeddable":true,"href":"https:\/\/visitsutjeskanationalpark.com\/sr\/wp-json\/wp\/v2\/users\/1"}],"replies":[{"embeddable":true,"href":"https:\/\/visitsutjeskanationalpark.com\/sr\/wp-json\/wp\/v2\/comments?post=11507"}],"version-history":[{"count":4,"href":"https:\/\/visitsutjeskanationalpark.com\/sr\/wp-json\/wp\/v2\/pages\/11507\/revisions"}],"predecessor-version":[{"id":11511,"href":"https:\/\/visitsutjeskanationalpark.com\/sr\/wp-json\/wp\/v2\/pages\/11507\/revisions\/11511"}],"wp:attachment":[{"href":"https:\/\/visitsutjeskanationalpark.com\/sr\/wp-json\/wp\/v2\/media?parent=11507"}],"curies":[{"name":"wp","href":"https:\/\/api.w.org\/{rel}","templated":true}]}}